{"id":1653,"date":"2023-12-12T19:29:50","date_gmt":"2023-12-12T19:29:50","guid":{"rendered":"https:\/\/edelharz.theuixstudio.com\/?page_id=1653"},"modified":"2023-12-12T19:46:57","modified_gmt":"2023-12-12T19:46:57","slug":"fibra-de-carbono","status":"publish","type":"page","link":"https:\/\/edelharz.theuixstudio.com\/index.php\/fibra-de-carbono\/","title":{"rendered":"Fibra de Carbono"},"content":{"rendered":"\t\t<div data-elementor-type=\"wp-page\" data-elementor-id=\"1653\" class=\"elementor elementor-1653\">\n\t\t\t\t\t\t\t<div class=\"elementor-element elementor-element-0e78bb9 e-flex e-con-boxed e-con e-parent\" data-id=\"0e78bb9\" data-element_type=\"container\" data-settings=\"{&quot;content_width&quot;:&quot;boxed&quot;}\" data-core-v316-plus=\"true\">\n\t\t\t\t\t<div class=\"e-con-inner\">\n\t\t<div class=\"elementor-element elementor-element-0e605c5 e-con-full e-flex e-con e-child\" data-id=\"0e605c5\" data-element_type=\"container\" data-settings=\"{&quot;content_width&quot;:&quot;full&quot;,&quot;background_background&quot;:&quot;classic&quot;}\">\n\t\t<div class=\"elementor-element elementor-element-b206a80 e-flex e-con-boxed e-con e-child\" data-id=\"b206a80\" data-element_type=\"container\" data-settings=\"{&quot;content_width&quot;:&quot;boxed&quot;}\">\n\t\t\t\t\t<div class=\"e-con-inner\">\n\t\t\t\t<div class=\"elementor-element elementor-element-5b1125b elementor-widget elementor-widget-heading\" data-id=\"5b1125b\" data-element_type=\"widget\" data-widget_type=\"heading.default\">\n\t\t\t\t<div class=\"elementor-widget-container\">\n\t\t\t<style>\/*! elementor - v3.18.0 - 06-12-2023 *\/\n.elementor-heading-title{padding:0;margin:0;line-height:1}.elementor-widget-heading .elementor-heading-title[class*=elementor-size-]>a{color:inherit;font-size:inherit;line-height:inherit}.elementor-widget-heading .elementor-heading-title.elementor-size-small{font-size:15px}.elementor-widget-heading .elementor-heading-title.elementor-size-medium{font-size:19px}.elementor-widget-heading .elementor-heading-title.elementor-size-large{font-size:29px}.elementor-widget-heading .elementor-heading-title.elementor-size-xl{font-size:39px}.elementor-widget-heading .elementor-heading-title.elementor-size-xxl{font-size:59px}<\/style><h2 class=\"elementor-heading-title elementor-size-default\">Fibra de Carbono<\/h2>\t\t<\/div>\n\t\t\t\t<\/div>\n\t\t\t\t<div class=\"elementor-element elementor-element-51f6735 elementor-widget elementor-widget-heading\" data-id=\"51f6735\" data-element_type=\"widget\" data-widget_type=\"heading.default\">\n\t\t\t\t<div class=\"elementor-widget-container\">\n\t\t\t<h2 class=\"elementor-heading-title elementor-size-default\">Nuestro equipo experimentado combina fibra de vidrio y carbono con resina\n\nep\u00f3xica para crear piezas \u00fanicas y duraderas.<\/h2>\t\t<\/div>\n\t\t\t\t<\/div>\n\t\t\t\t\t<\/div>\n\t\t\t\t<\/div>\n\t\t\t\t<\/div>\n\t\t<div class=\"elementor-element elementor-element-b37111b e-con-full e-flex e-con e-child\" data-id=\"b37111b\" data-element_type=\"container\" data-settings=\"{&quot;content_width&quot;:&quot;full&quot;}\">\n\t\t<div class=\"elementor-element elementor-element-07bc463 e-flex e-con-boxed e-con e-child\" data-id=\"07bc463\" data-element_type=\"container\" data-settings=\"{&quot;background_background&quot;:&quot;classic&quot;,&quot;content_width&quot;:&quot;boxed&quot;}\">\n\t\t\t\t\t<div class=\"e-con-inner\">\n\t\t\t\t<div class=\"elementor-element elementor-element-e3b87aa elementor-widget elementor-widget-heading\" data-id=\"e3b87aa\" data-element_type=\"widget\" data-widget_type=\"heading.default\">\n\t\t\t\t<div class=\"elementor-widget-container\">\n\t\t\t<h2 class=\"elementor-heading-title elementor-size-default\">Muebles<\/h2>\t\t<\/div>\n\t\t\t\t<\/div>\n\t\t\t\t\t<\/div>\n\t\t\t\t<\/div>\n\t\t\t\t<div class=\"elementor-element elementor-element-62573b0 elementor-widget elementor-widget-image\" data-id=\"62573b0\" data-element_type=\"widget\" data-widget_type=\"image.default\">\n\t\t\t\t<div class=\"elementor-widget-container\">\n\t\t\t<style>\/*! elementor - v3.18.0 - 06-12-2023 *\/\n.elementor-widget-image{text-align:center}.elementor-widget-image a{display:inline-block}.elementor-widget-image a img[src$=\".svg\"]{width:48px}.elementor-widget-image img{vertical-align:middle;display:inline-block}<\/style>\t\t\t\t\t\t\t\t\t\t\t\t<img fetchpriority=\"high\" decoding=\"async\" width=\"1024\" height=\"576\" src=\"https:\/\/edelharz.theuixstudio.com\/wp-content\/uploads\/2023\/12\/4-4-1024x576.png\" class=\"attachment-large size-large wp-image-1662\" alt=\"\" srcset=\"https:\/\/edelharz.theuixstudio.com\/wp-content\/uploads\/2023\/12\/4-4-1024x576.png 1024w, https:\/\/edelharz.theuixstudio.com\/wp-content\/uploads\/2023\/12\/4-4-300x169.png 300w, https:\/\/edelharz.theuixstudio.com\/wp-content\/uploads\/2023\/12\/4-4-768x432.png 768w, https:\/\/edelharz.theuixstudio.com\/wp-content\/uploads\/2023\/12\/4-4-1536x863.png 1536w, https:\/\/edelharz.theuixstudio.com\/wp-content\/uploads\/2023\/12\/4-4-2048x1151.png 2048w, https:\/\/edelharz.theuixstudio.com\/wp-content\/uploads\/2023\/12\/4-4-600x337.png 600w\" sizes=\"(max-width: 1024px) 100vw, 1024px\" \/>\t\t\t\t\t\t\t\t\t\t\t\t\t\t\t<\/div>\n\t\t\t\t<\/div>\n\t\t\t\t<\/div>\n\t\t<div class=\"elementor-element elementor-element-d944ddf e-con-full e-flex e-con e-child\" data-id=\"d944ddf\" data-element_type=\"container\" data-settings=\"{&quot;content_width&quot;:&quot;full&quot;}\">\n\t\t<div class=\"elementor-element elementor-element-9286084 e-flex e-con-boxed e-con e-child\" data-id=\"9286084\" data-element_type=\"container\" data-settings=\"{&quot;background_background&quot;:&quot;classic&quot;,&quot;content_width&quot;:&quot;boxed&quot;}\">\n\t\t\t\t\t<div class=\"e-con-inner\">\n\t\t\t\t<div class=\"elementor-element elementor-element-cfa652f elementor-widget elementor-widget-heading\" data-id=\"cfa652f\" data-element_type=\"widget\" data-widget_type=\"heading.default\">\n\t\t\t\t<div class=\"elementor-widget-container\">\n\t\t\t<h2 class=\"elementor-heading-title elementor-size-default\">Reparaci\u00f3n <\/h2>\t\t<\/div>\n\t\t\t\t<\/div>\n\t\t\t\t\t<\/div>\n\t\t\t\t<\/div>\n\t\t\t\t<div class=\"elementor-element elementor-element-5d8c334 elementor-widget elementor-widget-image\" data-id=\"5d8c334\" data-element_type=\"widget\" data-widget_type=\"image.default\">\n\t\t\t\t<div class=\"elementor-widget-container\">\n\t\t\t\t\t\t\t\t\t\t\t\t\t\t\t<img decoding=\"async\" width=\"1024\" height=\"576\" src=\"https:\/\/edelharz.theuixstudio.com\/wp-content\/uploads\/2023\/12\/1-9-1024x576.png\" class=\"attachment-large size-large wp-image-1663\" alt=\"\" srcset=\"https:\/\/edelharz.theuixstudio.com\/wp-content\/uploads\/2023\/12\/1-9-1024x576.png 1024w, https:\/\/edelharz.theuixstudio.com\/wp-content\/uploads\/2023\/12\/1-9-300x169.png 300w, https:\/\/edelharz.theuixstudio.com\/wp-content\/uploads\/2023\/12\/1-9-768x432.png 768w, https:\/\/edelharz.theuixstudio.com\/wp-content\/uploads\/2023\/12\/1-9-1536x863.png 1536w, https:\/\/edelharz.theuixstudio.com\/wp-content\/uploads\/2023\/12\/1-9-2048x1151.png 2048w, https:\/\/edelharz.theuixstudio.com\/wp-content\/uploads\/2023\/12\/1-9-600x337.png 600w\" sizes=\"(max-width: 1024px) 100vw, 1024px\" \/>\t\t\t\t\t\t\t\t\t\t\t\t\t\t\t<\/div>\n\t\t\t\t<\/div>\n\t\t\t\t<\/div>\n\t\t<div class=\"elementor-element elementor-element-765043f e-con-full e-flex e-con e-child\" data-id=\"765043f\" data-element_type=\"container\" data-settings=\"{&quot;content_width&quot;:&quot;full&quot;}\">\n\t\t<div class=\"elementor-element elementor-element-9145af0 e-flex e-con-boxed e-con e-child\" data-id=\"9145af0\" data-element_type=\"container\" data-settings=\"{&quot;background_background&quot;:&quot;classic&quot;,&quot;content_width&quot;:&quot;boxed&quot;}\">\n\t\t\t\t\t<div class=\"e-con-inner\">\n\t\t\t\t<div class=\"elementor-element elementor-element-14bdfbe elementor-widget elementor-widget-heading\" data-id=\"14bdfbe\" data-element_type=\"widget\" data-widget_type=\"heading.default\">\n\t\t\t\t<div class=\"elementor-widget-container\">\n\t\t\t<h2 class=\"elementor-heading-title elementor-size-default\">Construcci\u00f3n <\/h2>\t\t<\/div>\n\t\t\t\t<\/div>\n\t\t\t\t\t<\/div>\n\t\t\t\t<\/div>\n\t\t\t\t<div class=\"elementor-element elementor-element-d53a6ca elementor-widget elementor-widget-image\" data-id=\"d53a6ca\" data-element_type=\"widget\" data-widget_type=\"image.default\">\n\t\t\t\t<div class=\"elementor-widget-container\">\n\t\t\t\t\t\t\t\t\t\t\t\t\t\t\t<img decoding=\"async\" width=\"1024\" height=\"576\" src=\"https:\/\/edelharz.theuixstudio.com\/wp-content\/uploads\/2023\/12\/3-5-1024x576.png\" class=\"attachment-large size-large wp-image-1664\" alt=\"\" srcset=\"https:\/\/edelharz.theuixstudio.com\/wp-content\/uploads\/2023\/12\/3-5-1024x576.png 1024w, https:\/\/edelharz.theuixstudio.com\/wp-content\/uploads\/2023\/12\/3-5-300x169.png 300w, https:\/\/edelharz.theuixstudio.com\/wp-content\/uploads\/2023\/12\/3-5-768x432.png 768w, https:\/\/edelharz.theuixstudio.com\/wp-content\/uploads\/2023\/12\/3-5-1536x863.png 1536w, https:\/\/edelharz.theuixstudio.com\/wp-content\/uploads\/2023\/12\/3-5-2048x1151.png 2048w, https:\/\/edelharz.theuixstudio.com\/wp-content\/uploads\/2023\/12\/3-5-600x337.png 600w\" sizes=\"(max-width: 1024px) 100vw, 1024px\" \/>\t\t\t\t\t\t\t\t\t\t\t\t\t\t\t<\/div>\n\t\t\t\t<\/div>\n\t\t\t\t<\/div>\n\t\t<div class=\"elementor-element elementor-element-a6a3d31 e-con-full e-flex e-con e-child\" data-id=\"a6a3d31\" data-element_type=\"container\" data-settings=\"{&quot;content_width&quot;:&quot;full&quot;}\">\n\t\t<div class=\"elementor-element elementor-element-081667c e-flex e-con-boxed e-con e-child\" data-id=\"081667c\" data-element_type=\"container\" data-settings=\"{&quot;background_background&quot;:&quot;classic&quot;,&quot;content_width&quot;:&quot;boxed&quot;}\">\n\t\t\t\t\t<div class=\"e-con-inner\">\n\t\t\t\t<div class=\"elementor-element elementor-element-d8f932e elementor-widget elementor-widget-heading\" data-id=\"d8f932e\" data-element_type=\"widget\" data-widget_type=\"heading.default\">\n\t\t\t\t<div class=\"elementor-widget-container\">\n\t\t\t<h2 class=\"elementor-heading-title elementor-size-default\">Carrocer\u00eda <\/h2>\t\t<\/div>\n\t\t\t\t<\/div>\n\t\t\t\t\t<\/div>\n\t\t\t\t<\/div>\n\t\t\t\t<div class=\"elementor-element elementor-element-ebb0267 elementor-widget elementor-widget-image\" data-id=\"ebb0267\" data-element_type=\"widget\" data-widget_type=\"image.default\">\n\t\t\t\t<div class=\"elementor-widget-container\">\n\t\t\t\t\t\t\t\t\t\t\t\t\t\t\t<img loading=\"lazy\" decoding=\"async\" width=\"1024\" height=\"576\" src=\"https:\/\/edelharz.theuixstudio.com\/wp-content\/uploads\/2023\/12\/2-5-1024x576.png\" class=\"attachment-large size-large wp-image-1665\" alt=\"\" srcset=\"https:\/\/edelharz.theuixstudio.com\/wp-content\/uploads\/2023\/12\/2-5-1024x576.png 1024w, https:\/\/edelharz.theuixstudio.com\/wp-content\/uploads\/2023\/12\/2-5-300x169.png 300w, https:\/\/edelharz.theuixstudio.com\/wp-content\/uploads\/2023\/12\/2-5-768x432.png 768w, https:\/\/edelharz.theuixstudio.com\/wp-content\/uploads\/2023\/12\/2-5-1536x863.png 1536w, https:\/\/edelharz.theuixstudio.com\/wp-content\/uploads\/2023\/12\/2-5-2048x1151.png 2048w, https:\/\/edelharz.theuixstudio.com\/wp-content\/uploads\/2023\/12\/2-5-600x337.png 600w\" sizes=\"(max-width: 1024px) 100vw, 1024px\" \/>\t\t\t\t\t\t\t\t\t\t\t\t\t\t\t<\/div>\n\t\t\t\t<\/div>\n\t\t\t\t<\/div>\n\t\t<div class=\"elementor-element elementor-element-0ec382d e-con-full e-flex e-con e-child\" data-id=\"0ec382d\" data-element_type=\"container\" data-settings=\"{&quot;content_width&quot;:&quot;full&quot;}\">\n\t\t<div class=\"elementor-element elementor-element-c249786 e-flex e-con-boxed e-con e-child\" data-id=\"c249786\" data-element_type=\"container\" data-settings=\"{&quot;background_background&quot;:&quot;classic&quot;,&quot;content_width&quot;:&quot;boxed&quot;}\">\n\t\t\t\t\t<div class=\"e-con-inner\">\n\t\t\t\t<div class=\"elementor-element elementor-element-991f514 elementor-widget elementor-widget-heading\" data-id=\"991f514\" data-element_type=\"widget\" data-widget_type=\"heading.default\">\n\t\t\t\t<div class=\"elementor-widget-container\">\n\t\t\t<h2 class=\"elementor-heading-title elementor-size-default\">Trabajo Personalizado<\/h2>\t\t<\/div>\n\t\t\t\t<\/div>\n\t\t\t\t\t<\/div>\n\t\t\t\t<\/div>\n\t\t\t\t<div class=\"elementor-element elementor-element-b1ffa10 elementor-widget elementor-widget-image\" data-id=\"b1ffa10\" data-element_type=\"widget\" data-widget_type=\"image.default\">\n\t\t\t\t<div class=\"elementor-widget-container\">\n\t\t\t\t\t\t\t\t\t\t\t\t\t\t\t<img loading=\"lazy\" decoding=\"async\" width=\"1024\" height=\"576\" src=\"https:\/\/edelharz.theuixstudio.com\/wp-content\/uploads\/2023\/12\/5-2-1024x576.png\" class=\"attachment-large size-large wp-image-1666\" alt=\"\" srcset=\"https:\/\/edelharz.theuixstudio.com\/wp-content\/uploads\/2023\/12\/5-2-1024x576.png 1024w, https:\/\/edelharz.theuixstudio.com\/wp-content\/uploads\/2023\/12\/5-2-300x169.png 300w, https:\/\/edelharz.theuixstudio.com\/wp-content\/uploads\/2023\/12\/5-2-768x432.png 768w, https:\/\/edelharz.theuixstudio.com\/wp-content\/uploads\/2023\/12\/5-2-1536x863.png 1536w, https:\/\/edelharz.theuixstudio.com\/wp-content\/uploads\/2023\/12\/5-2-2048x1151.png 2048w, https:\/\/edelharz.theuixstudio.com\/wp-content\/uploads\/2023\/12\/5-2-600x337.png 600w\" sizes=\"(max-width: 1024px) 100vw, 1024px\" \/>\t\t\t\t\t\t\t\t\t\t\t\t\t\t\t<\/div>\n\t\t\t\t<\/div>\n\t\t\t\t<\/div>\n\t\t\t\t\t<\/div>\n\t\t\t\t<\/div>\n\t\t\t\t\t\t\t<\/div>\n\t\t","protected":false},"excerpt":{"rendered":"Fibra de Carbono Nuestro equipo experimentado combina fibra de vidrio y carbono con resina ep\u00f3xica para crear piezas \u00fanicas y duraderas. Muebles Reparaci\u00f3n Construcci\u00f3n Carrocer\u00eda Trabajo Personalizado","protected":false},"author":1,"featured_media":0,"parent":0,"menu_order":0,"comment_status":"closed","ping_status":"closed","template":"","meta":{"om_disable_all_campaigns":false,"_monsterinsights_skip_tracking":false,"_monsterinsights_sitenote_active":false,"_monsterinsights_sitenote_note":"","_monsterinsights_sitenote_category":0,"footnotes":""},"class_list":["post-1653","page","type-page","status-publish","hentry"],"aioseo_notices":[],"_links":{"self":[{"href":"https:\/\/edelharz.theuixstudio.com\/index.php\/wp-json\/wp\/v2\/pages\/1653","targetHints":{"allow":["GET"]}}],"collection":[{"href":"https:\/\/edelharz.theuixstudio.com\/index.php\/wp-json\/wp\/v2\/pages"}],"about":[{"href":"https:\/\/edelharz.theuixstudio.com\/index.php\/wp-json\/wp\/v2\/types\/page"}],"author":[{"embeddable":true,"href":"https:\/\/edelharz.theuixstudio.com\/index.php\/wp-json\/wp\/v2\/users\/1"}],"replies":[{"embeddable":true,"href":"https:\/\/edelharz.theuixstudio.com\/index.php\/wp-json\/wp\/v2\/comments?post=1653"}],"version-history":[{"count":7,"href":"https:\/\/edelharz.theuixstudio.com\/index.php\/wp-json\/wp\/v2\/pages\/1653\/revisions"}],"predecessor-version":[{"id":1669,"href":"https:\/\/edelharz.theuixstudio.com\/index.php\/wp-json\/wp\/v2\/pages\/1653\/revisions\/1669"}],"wp:attachment":[{"href":"https:\/\/edelharz.theuixstudio.com\/index.php\/wp-json\/wp\/v2\/media?parent=1653"}],"curies":[{"name":"wp","href":"https:\/\/api.w.org\/{rel}","templated":true}]}}