{"id":1670,"date":"2023-12-12T20:04:09","date_gmt":"2023-12-12T20:04:09","guid":{"rendered":"https:\/\/edelharz.theuixstudio.com\/?page_id=1670"},"modified":"2023-12-12T20:28:43","modified_gmt":"2023-12-12T20:28:43","slug":"recubrimientos","status":"publish","type":"page","link":"https:\/\/edelharz.theuixstudio.com\/index.php\/recubrimientos\/","title":{"rendered":"Recubrimientos"},"content":{"rendered":"\t\t<div data-elementor-type=\"wp-page\" data-elementor-id=\"1670\" class=\"elementor elementor-1670\">\n\t\t\t\t\t\t\t<div class=\"elementor-element elementor-element-0e78bb9 e-flex e-con-boxed e-con e-parent\" data-id=\"0e78bb9\" data-element_type=\"container\" data-settings=\"{&quot;content_width&quot;:&quot;boxed&quot;}\" data-core-v316-plus=\"true\">\n\t\t\t\t\t<div class=\"e-con-inner\">\n\t\t<div class=\"elementor-element elementor-element-0e605c5 e-con-full e-flex e-con e-child\" data-id=\"0e605c5\" data-element_type=\"container\" data-settings=\"{&quot;content_width&quot;:&quot;full&quot;,&quot;background_background&quot;:&quot;classic&quot;}\">\n\t\t\t\t<div class=\"elementor-element elementor-element-fadef8a elementor-widget elementor-widget-heading\" data-id=\"fadef8a\" data-element_type=\"widget\" data-widget_type=\"heading.default\">\n\t\t\t\t<div class=\"elementor-widget-container\">\n\t\t\t<style>\/*! elementor - v3.18.0 - 06-12-2023 *\/\n.elementor-heading-title{padding:0;margin:0;line-height:1}.elementor-widget-heading .elementor-heading-title[class*=elementor-size-]>a{color:inherit;font-size:inherit;line-height:inherit}.elementor-widget-heading .elementor-heading-title.elementor-size-small{font-size:15px}.elementor-widget-heading .elementor-heading-title.elementor-size-medium{font-size:19px}.elementor-widget-heading .elementor-heading-title.elementor-size-large{font-size:29px}.elementor-widget-heading .elementor-heading-title.elementor-size-xl{font-size:39px}.elementor-widget-heading .elementor-heading-title.elementor-size-xxl{font-size:59px}<\/style><h2 class=\"elementor-heading-title elementor-size-default\">Recubrimientos <\/h2>\t\t<\/div>\n\t\t\t\t<\/div>\n\t\t\t\t<div class=\"elementor-element elementor-element-a5ebd29 elementor-widget elementor-widget-heading\" data-id=\"a5ebd29\" data-element_type=\"widget\" data-widget_type=\"heading.default\">\n\t\t\t\t<div class=\"elementor-widget-container\">\n\t\t\t<h2 class=\"elementor-heading-title elementor-size-default\">Ofrecemos una amplia gama de opciones de recubrimientos de superficies con resina ep\u00f3xica.<\/h2>\t\t<\/div>\n\t\t\t\t<\/div>\n\t\t\t\t<\/div>\n\t\t\t\t\t<\/div>\n\t\t\t\t<\/div>\n\t\t<div class=\"elementor-element elementor-element-c96a1f5 e-flex e-con-boxed e-con e-parent\" data-id=\"c96a1f5\" data-element_type=\"container\" data-settings=\"{&quot;content_width&quot;:&quot;boxed&quot;}\" data-core-v316-plus=\"true\">\n\t\t\t\t\t<div class=\"e-con-inner\">\n\t\t<div class=\"elementor-element elementor-element-b538e03 e-con-full e-flex e-con e-child\" data-id=\"b538e03\" data-element_type=\"container\" data-settings=\"{&quot;content_width&quot;:&quot;full&quot;}\">\n\t\t\t\t<div class=\"elementor-element elementor-element-4b74473 elementor-widget elementor-widget-image\" data-id=\"4b74473\" data-element_type=\"widget\" data-widget_type=\"image.default\">\n\t\t\t\t<div class=\"elementor-widget-container\">\n\t\t\t<style>\/*! elementor - v3.18.0 - 06-12-2023 *\/\n.elementor-widget-image{text-align:center}.elementor-widget-image a{display:inline-block}.elementor-widget-image a img[src$=\".svg\"]{width:48px}.elementor-widget-image img{vertical-align:middle;display:inline-block}<\/style>\t\t\t\t\t\t\t\t\t\t\t\t<img fetchpriority=\"high\" decoding=\"async\" width=\"1024\" height=\"576\" src=\"https:\/\/edelharz.theuixstudio.com\/wp-content\/uploads\/2023\/12\/1-10-1024x576.png\" class=\"attachment-large size-large wp-image-1673\" alt=\"\" srcset=\"https:\/\/edelharz.theuixstudio.com\/wp-content\/uploads\/2023\/12\/1-10-1024x576.png 1024w, https:\/\/edelharz.theuixstudio.com\/wp-content\/uploads\/2023\/12\/1-10-300x169.png 300w, https:\/\/edelharz.theuixstudio.com\/wp-content\/uploads\/2023\/12\/1-10-768x432.png 768w, https:\/\/edelharz.theuixstudio.com\/wp-content\/uploads\/2023\/12\/1-10-1536x863.png 1536w, https:\/\/edelharz.theuixstudio.com\/wp-content\/uploads\/2023\/12\/1-10-2048x1151.png 2048w, https:\/\/edelharz.theuixstudio.com\/wp-content\/uploads\/2023\/12\/1-10-600x337.png 600w\" sizes=\"(max-width: 1024px) 100vw, 1024px\" \/>\t\t\t\t\t\t\t\t\t\t\t\t\t\t\t<\/div>\n\t\t\t\t<\/div>\n\t\t\t\t<\/div>\n\t\t<div class=\"elementor-element elementor-element-325b7a9 e-con-full e-flex e-con e-child\" data-id=\"325b7a9\" data-element_type=\"container\" data-settings=\"{&quot;content_width&quot;:&quot;full&quot;}\">\n\t\t\t\t<div class=\"elementor-element elementor-element-f45a744 elementor-widget elementor-widget-text-editor\" data-id=\"f45a744\" data-element_type=\"widget\" data-widget_type=\"text-editor.default\">\n\t\t\t\t<div class=\"elementor-widget-container\">\n\t\t\t<style>\/*! elementor - v3.18.0 - 06-12-2023 *\/\n.elementor-widget-text-editor.elementor-drop-cap-view-stacked .elementor-drop-cap{background-color:#69727d;color:#fff}.elementor-widget-text-editor.elementor-drop-cap-view-framed .elementor-drop-cap{color:#69727d;border:3px solid;background-color:transparent}.elementor-widget-text-editor:not(.elementor-drop-cap-view-default) .elementor-drop-cap{margin-top:8px}.elementor-widget-text-editor:not(.elementor-drop-cap-view-default) .elementor-drop-cap-letter{width:1em;height:1em}.elementor-widget-text-editor .elementor-drop-cap{float:left;text-align:center;line-height:1;font-size:50px}.elementor-widget-text-editor .elementor-drop-cap-letter{display:inline-block}<\/style>\t\t\t\t<h6>La resina ep\u00f3xica es un material moderno y vers\u00e1til que se ha convertido en una alternativa popular para el recubrimiento de superficies en el hogar. Desde pisos hasta mesones de cocina y paredes de ba\u00f1o, la resina ep\u00f3xica es una opci\u00f3n muy atractiva y con un excelente costo-beneficio. En comparaci\u00f3n con los materiales tradicionales como el m\u00e1rmol, granito o cuarzo, la resina ep\u00f3xica ofrece una serie de beneficios \u00fanicos.<\/h6>\t\t\t\t\t\t<\/div>\n\t\t\t\t<\/div>\n\t\t\t\t<\/div>\n\t\t\t\t\t<\/div>\n\t\t\t\t<\/div>\n\t\t<div class=\"elementor-element elementor-element-a694c6b e-flex e-con-boxed e-con e-parent\" data-id=\"a694c6b\" data-element_type=\"container\" data-settings=\"{&quot;content_width&quot;:&quot;boxed&quot;}\" data-core-v316-plus=\"true\">\n\t\t\t\t\t<div class=\"e-con-inner\">\n\t\t<div class=\"elementor-element elementor-element-7267fa4 e-con-full e-flex e-con e-child\" data-id=\"7267fa4\" data-element_type=\"container\" data-settings=\"{&quot;content_width&quot;:&quot;full&quot;}\">\n\t\t\t\t<div class=\"elementor-element elementor-element-bd437f4 elementor-widget elementor-widget-text-editor\" data-id=\"bd437f4\" data-element_type=\"widget\" data-widget_type=\"text-editor.default\">\n\t\t\t\t<div class=\"elementor-widget-container\">\n\t\t\t\t\t\t\t<h6>En primer lugar, la resina ep\u00f3xica es altamente resistente al calor, lo que la hace perfecta para aplicar en mesones de cocina y paredes cercanas a estufas u hornos. Adem\u00e1s, es resistente a las manchas, lo que significa que no tendr\u00e1s que preocuparte por derrames de alimentos o bebidas. Tambi\u00e9n es f\u00e1cil de limpiar y mantener en comparaci\u00f3n con otros materiales como el m\u00e1rmol o granito.<\/h6>\t\t\t\t\t\t<\/div>\n\t\t\t\t<\/div>\n\t\t\t\t<\/div>\n\t\t<div class=\"elementor-element elementor-element-74c1f74 e-con-full e-flex e-con e-child\" data-id=\"74c1f74\" data-element_type=\"container\" data-settings=\"{&quot;content_width&quot;:&quot;full&quot;}\">\n\t\t\t\t<div class=\"elementor-element elementor-element-8ed2326 elementor-widget elementor-widget-image\" data-id=\"8ed2326\" data-element_type=\"widget\" data-widget_type=\"image.default\">\n\t\t\t\t<div class=\"elementor-widget-container\">\n\t\t\t\t\t\t\t\t\t\t\t\t\t\t\t<img decoding=\"async\" width=\"1024\" height=\"576\" src=\"https:\/\/edelharz.theuixstudio.com\/wp-content\/uploads\/2023\/12\/2-6-1024x576.png\" class=\"attachment-large size-large wp-image-1674\" alt=\"\" srcset=\"https:\/\/edelharz.theuixstudio.com\/wp-content\/uploads\/2023\/12\/2-6-1024x576.png 1024w, https:\/\/edelharz.theuixstudio.com\/wp-content\/uploads\/2023\/12\/2-6-300x169.png 300w, https:\/\/edelharz.theuixstudio.com\/wp-content\/uploads\/2023\/12\/2-6-768x432.png 768w, https:\/\/edelharz.theuixstudio.com\/wp-content\/uploads\/2023\/12\/2-6-1536x863.png 1536w, https:\/\/edelharz.theuixstudio.com\/wp-content\/uploads\/2023\/12\/2-6-2048x1151.png 2048w, https:\/\/edelharz.theuixstudio.com\/wp-content\/uploads\/2023\/12\/2-6-600x337.png 600w\" sizes=\"(max-width: 1024px) 100vw, 1024px\" \/>\t\t\t\t\t\t\t\t\t\t\t\t\t\t\t<\/div>\n\t\t\t\t<\/div>\n\t\t\t\t<\/div>\n\t\t\t\t\t<\/div>\n\t\t\t\t<\/div>\n\t\t<div class=\"elementor-element elementor-element-b328f42 e-flex e-con-boxed e-con e-parent\" data-id=\"b328f42\" data-element_type=\"container\" data-settings=\"{&quot;content_width&quot;:&quot;boxed&quot;}\" data-core-v316-plus=\"true\">\n\t\t\t\t\t<div class=\"e-con-inner\">\n\t\t<div class=\"elementor-element elementor-element-baeceec e-con-full e-flex e-con e-child\" data-id=\"baeceec\" data-element_type=\"container\" data-settings=\"{&quot;content_width&quot;:&quot;full&quot;}\">\n\t\t\t\t<div class=\"elementor-element elementor-element-c7abadb elementor-widget elementor-widget-image\" data-id=\"c7abadb\" data-element_type=\"widget\" data-widget_type=\"image.default\">\n\t\t\t\t<div class=\"elementor-widget-container\">\n\t\t\t\t\t\t\t\t\t\t\t\t\t\t\t<img decoding=\"async\" width=\"1024\" height=\"576\" src=\"https:\/\/edelharz.theuixstudio.com\/wp-content\/uploads\/2023\/12\/3-6-1024x576.png\" class=\"attachment-large size-large wp-image-1675\" alt=\"\" srcset=\"https:\/\/edelharz.theuixstudio.com\/wp-content\/uploads\/2023\/12\/3-6-1024x576.png 1024w, https:\/\/edelharz.theuixstudio.com\/wp-content\/uploads\/2023\/12\/3-6-300x169.png 300w, https:\/\/edelharz.theuixstudio.com\/wp-content\/uploads\/2023\/12\/3-6-768x432.png 768w, https:\/\/edelharz.theuixstudio.com\/wp-content\/uploads\/2023\/12\/3-6-1536x863.png 1536w, https:\/\/edelharz.theuixstudio.com\/wp-content\/uploads\/2023\/12\/3-6-2048x1151.png 2048w, https:\/\/edelharz.theuixstudio.com\/wp-content\/uploads\/2023\/12\/3-6-600x337.png 600w\" sizes=\"(max-width: 1024px) 100vw, 1024px\" \/>\t\t\t\t\t\t\t\t\t\t\t\t\t\t\t<\/div>\n\t\t\t\t<\/div>\n\t\t\t\t<\/div>\n\t\t<div class=\"elementor-element elementor-element-2a7d584 e-con-full e-flex e-con e-child\" data-id=\"2a7d584\" data-element_type=\"container\" data-settings=\"{&quot;content_width&quot;:&quot;full&quot;}\">\n\t\t\t\t<div class=\"elementor-element elementor-element-dc1a737 elementor-widget elementor-widget-text-editor\" data-id=\"dc1a737\" data-element_type=\"widget\" data-widget_type=\"text-editor.default\">\n\t\t\t\t<div class=\"elementor-widget-container\">\n\t\t\t\t\t\t\t<h6>Otro beneficio importante de la resina ep\u00f3xica es su capacidad de adaptarse a cualquier superficie, incluyendo paredes, pisos y mesones. Esto significa que no tienes que preocuparte por limitaciones en cuanto a dise\u00f1o o forma. Puedes personalizar la superficie como desees, incluyendo patrones y texturas personalizadas.<\/h6>\t\t\t\t\t\t<\/div>\n\t\t\t\t<\/div>\n\t\t\t\t<\/div>\n\t\t\t\t\t<\/div>\n\t\t\t\t<\/div>\n\t\t<div class=\"elementor-element elementor-element-4ba8ff3 e-flex e-con-boxed e-con e-parent\" data-id=\"4ba8ff3\" data-element_type=\"container\" data-settings=\"{&quot;content_width&quot;:&quot;boxed&quot;}\" data-core-v316-plus=\"true\">\n\t\t\t\t\t<div class=\"e-con-inner\">\n\t\t<div class=\"elementor-element elementor-element-26d4e32 e-con-full e-flex e-con e-child\" data-id=\"26d4e32\" data-element_type=\"container\" data-settings=\"{&quot;content_width&quot;:&quot;full&quot;}\">\n\t\t\t\t<div class=\"elementor-element elementor-element-38fa75f elementor-widget elementor-widget-text-editor\" data-id=\"38fa75f\" data-element_type=\"widget\" data-widget_type=\"text-editor.default\">\n\t\t\t\t<div class=\"elementor-widget-container\">\n\t\t\t\t\t\t\t<h6>La resina ep\u00f3xica es una opci\u00f3n moderna, vers\u00e1til y atractiva para el recubrimiento de superficies en el hogar. Con sus beneficios \u00fanicos en t\u00e9rminos de resistencia al calor, manchas, adaptabilidad y costo-beneficio, la resina ep\u00f3xica se est\u00e1 convirtiendo en una opci\u00f3n cada vez m\u00e1s popular en comparaci\u00f3n con materiales tradicionales como el m\u00e1rmol, granito o cuarzo. Cont\u00e1ctanos hoy mismo para obtener m\u00e1s informaci\u00f3n sobre c\u00f3mo podemos ayudarte a darle vida a tus superficies con resina ep\u00f3xica.<\/h6>\t\t\t\t\t\t<\/div>\n\t\t\t\t<\/div>\n\t\t\t\t<\/div>\n\t\t<div class=\"elementor-element elementor-element-6c1a360 e-con-full e-flex e-con e-child\" data-id=\"6c1a360\" data-element_type=\"container\" data-settings=\"{&quot;content_width&quot;:&quot;full&quot;}\">\n\t\t\t\t<div class=\"elementor-element elementor-element-ea63e7c elementor-widget elementor-widget-image\" data-id=\"ea63e7c\" data-element_type=\"widget\" data-widget_type=\"image.default\">\n\t\t\t\t<div class=\"elementor-widget-container\">\n\t\t\t\t\t\t\t\t\t\t\t\t\t\t\t<img loading=\"lazy\" decoding=\"async\" width=\"1024\" height=\"576\" src=\"https:\/\/edelharz.theuixstudio.com\/wp-content\/uploads\/2023\/12\/4-5-1024x576.png\" class=\"attachment-large size-large wp-image-1676\" alt=\"\" srcset=\"https:\/\/edelharz.theuixstudio.com\/wp-content\/uploads\/2023\/12\/4-5-1024x576.png 1024w, https:\/\/edelharz.theuixstudio.com\/wp-content\/uploads\/2023\/12\/4-5-300x169.png 300w, https:\/\/edelharz.theuixstudio.com\/wp-content\/uploads\/2023\/12\/4-5-768x432.png 768w, https:\/\/edelharz.theuixstudio.com\/wp-content\/uploads\/2023\/12\/4-5-1536x863.png 1536w, https:\/\/edelharz.theuixstudio.com\/wp-content\/uploads\/2023\/12\/4-5-2048x1151.png 2048w, https:\/\/edelharz.theuixstudio.com\/wp-content\/uploads\/2023\/12\/4-5-600x337.png 600w\" sizes=\"(max-width: 1024px) 100vw, 1024px\" \/>\t\t\t\t\t\t\t\t\t\t\t\t\t\t\t<\/div>\n\t\t\t\t<\/div>\n\t\t\t\t<\/div>\n\t\t\t\t\t<\/div>\n\t\t\t\t<\/div>\n\t\t\t\t\t\t\t<\/div>\n\t\t","protected":false},"excerpt":{"rendered":"Recubrimientos Ofrecemos una amplia gama de opciones de recubrimientos de superficies con resina ep\u00f3xica. La resina ep\u00f3xica es un material moderno y vers\u00e1til que se ha convertido en una alternativa popular para el recubrimiento de superficies en el hogar. Desde pisos hasta mesones de cocina y paredes de ba\u00f1o, la resina ep\u00f3xica es una opci\u00f3n&#8230;","protected":false},"author":1,"featured_media":0,"parent":0,"menu_order":0,"comment_status":"closed","ping_status":"closed","template":"","meta":{"om_disable_all_campaigns":false,"_monsterinsights_skip_tracking":false,"_monsterinsights_sitenote_active":false,"_monsterinsights_sitenote_note":"","_monsterinsights_sitenote_category":0,"footnotes":""},"class_list":["post-1670","page","type-page","status-publish","hentry"],"aioseo_notices":[],"_links":{"self":[{"href":"https:\/\/edelharz.theuixstudio.com\/index.php\/wp-json\/wp\/v2\/pages\/1670","targetHints":{"allow":["GET"]}}],"collection":[{"href":"https:\/\/edelharz.theuixstudio.com\/index.php\/wp-json\/wp\/v2\/pages"}],"about":[{"href":"https:\/\/edelharz.theuixstudio.com\/index.php\/wp-json\/wp\/v2\/types\/page"}],"author":[{"embeddable":true,"href":"https:\/\/edelharz.theuixstudio.com\/index.php\/wp-json\/wp\/v2\/users\/1"}],"replies":[{"embeddable":true,"href":"https:\/\/edelharz.theuixstudio.com\/index.php\/wp-json\/wp\/v2\/comments?post=1670"}],"version-history":[{"count":7,"href":"https:\/\/edelharz.theuixstudio.com\/index.php\/wp-json\/wp\/v2\/pages\/1670\/revisions"}],"predecessor-version":[{"id":1704,"href":"https:\/\/edelharz.theuixstudio.com\/index.php\/wp-json\/wp\/v2\/pages\/1670\/revisions\/1704"}],"wp:attachment":[{"href":"https:\/\/edelharz.theuixstudio.com\/index.php\/wp-json\/wp\/v2\/media?parent=1670"}],"curies":[{"name":"wp","href":"https:\/\/api.w.org\/{rel}","templated":true}]}}